{"id":1247,"date":"2019-03-07T13:39:14","date_gmt":"2019-03-07T11:39:14","guid":{"rendered":"https:\/\/veebiarendamine.ee\/vanaleht\/?page_id=1247"},"modified":"2021-04-23T14:49:06","modified_gmt":"2021-04-23T12:49:06","slug":"klientide-tagasiside","status":"publish","type":"page","link":"https:\/\/veebiarendamine.ee\/vanaleht\/klientide-tagasiside\/","title":{"rendered":"Klientide tagasiside"},"content":{"rendered":"\n<style type=\"text\/css\" data-created_by=\"avia_inline_auto\" id=\"style-css-av-10bbmyl-5502d2bbdb361e756dc7b697c86cb390\">\n.avia-section.av-10bbmyl-5502d2bbdb361e756dc7b697c86cb390{\nbackground-color:#ff5900;\nbackground-image:url(https:\/\/veebiarendamine.ee\/vanaleht\/wp-content\/uploads\/2018\/03\/hexagon-taust-png-1.png);\nbackground-repeat:no-repeat;\nbackground-position:50% 50%;\nbackground-attachment:fixed;\nmargin-top:0px;\nmargin-bottom:0px;\n}\n<\/style>\n<div id='av_section_1'  class='avia-section av-10bbmyl-5502d2bbdb361e756dc7b697c86cb390 main_color avia-section-small avia-no-border-styling  avia-builder-el-0  el_before_av_section  avia-builder-el-first  avia-full-contain avia-bg-style-fixed container_wrap fullsize'  data-section-bg-repeat='contain'><div class='container av-section-cont-open' ><main  role=\"main\" itemprop=\"mainContentOfPage\"  class='template-page content  av-content-full alpha units'><div class='post-entry post-entry-type-page post-entry-1247'><div class='entry-content-wrapper clearfix'>\n\n<style type=\"text\/css\" data-created_by=\"avia_inline_auto\" id=\"style-css-av-ugfh25-56daa5634a3aba31bd11460ec0e61193\">\n#top .hr.hr-invisible.av-ugfh25-56daa5634a3aba31bd11460ec0e61193{\nheight:100px;\n}\n<\/style>\n<div  class='hr av-ugfh25-56daa5634a3aba31bd11460ec0e61193 hr-invisible  avia-builder-el-1  el_before_av_one_full  avia-builder-el-first '><span class='hr-inner '><span class=\"hr-inner-style\"><\/span><\/span><\/div>\n\n<style type=\"text\/css\" data-created_by=\"avia_inline_auto\" id=\"style-css-av-xytssd-1ac820019d01f487c15d5d0ae421ac16\">\n.flex_column.av-xytssd-1ac820019d01f487c15d5d0ae421ac16{\nborder-radius:0px 0px 0px 0px;\npadding:0px 0px 0px 0px;\n}\n<\/style>\n<div  class='flex_column av-xytssd-1ac820019d01f487c15d5d0ae421ac16 av_one_full  avia-builder-el-2  el_after_av_hr  el_before_av_hr  first flex_column_div av-zero-column-padding  '     ><style type=\"text\/css\" data-created_by=\"avia_inline_auto\" id=\"style-css-av-knub8pmf-9ac494d72bfeb73e4178ce58b1590723\">\n#top .av-special-heading.av-knub8pmf-9ac494d72bfeb73e4178ce58b1590723{\npadding-bottom:10px;\ncolor:#ffffff;\nfont-size:65px;\n}\nbody .av-special-heading.av-knub8pmf-9ac494d72bfeb73e4178ce58b1590723 .av-special-heading-tag .heading-char{\nfont-size:25px;\n}\n#top #wrap_all .av-special-heading.av-knub8pmf-9ac494d72bfeb73e4178ce58b1590723 .av-special-heading-tag{\nfont-size:65px;\n}\n.av-special-heading.av-knub8pmf-9ac494d72bfeb73e4178ce58b1590723 .special-heading-inner-border{\nborder-color:#ffffff;\n}\n.av-special-heading.av-knub8pmf-9ac494d72bfeb73e4178ce58b1590723 .av-subheading{\nfont-size:30px;\n}\n\n@media only screen and (min-width: 480px) and (max-width: 767px){ \n#top #wrap_all .av-special-heading.av-knub8pmf-9ac494d72bfeb73e4178ce58b1590723 .av-special-heading-tag{\nfont-size:0.8em;\n}\n}\n\n@media only screen and (max-width: 479px){ \n#top #wrap_all .av-special-heading.av-knub8pmf-9ac494d72bfeb73e4178ce58b1590723 .av-special-heading-tag{\nfont-size:0.8em;\n}\n}\n<\/style>\n<div  class='av-special-heading av-knub8pmf-9ac494d72bfeb73e4178ce58b1590723 av-special-heading-h3 custom-color-heading blockquote modern-quote modern-centered  avia-builder-el-3  avia-builder-el-no-sibling  av-thin-font av-inherit-size'><h3 class='av-special-heading-tag '  itemprop=\"headline\"  ><strong>Klientide tagasiside<\/strong><\/h3><div class='av_custom_color av-subheading av-subheading_below'><p>Loe mida meist r\u00e4\u00e4gitakse<br \/>\nUuendatud: Aprill 2021<\/p>\n<\/div><div class=\"special-heading-border\"><div class=\"special-heading-inner-border\"><\/div><\/div><\/div><\/div>\n<style type=\"text\/css\" data-created_by=\"avia_inline_auto\" id=\"style-css-av-ugfh25-9748c6c0726a6c6c94409628d33641f7\">\n#top .hr.hr-invisible.av-ugfh25-9748c6c0726a6c6c94409628d33641f7{\nheight:100px;\n}\n<\/style>\n<div  class='hr av-ugfh25-9748c6c0726a6c6c94409628d33641f7 hr-invisible  avia-builder-el-4  el_after_av_one_full  avia-builder-el-last '><span class='hr-inner '><span class=\"hr-inner-style\"><\/span><\/span><\/div>\n<\/div><\/div><\/main><!-- close content main element --><\/div><\/div>\n<style type=\"text\/css\" data-created_by=\"avia_inline_auto\" id=\"style-css-av-sfssz1-03283fb3d57dfd81fbb8cb154bd382e3\">\n.avia-section.av-sfssz1-03283fb3d57dfd81fbb8cb154bd382e3{\nbackground-color:#ffffff;\nbackground-image:unset;\n}\n<\/style>\n<div id='av_section_2'  class='avia-section av-sfssz1-03283fb3d57dfd81fbb8cb154bd382e3 main_color avia-section-large avia-no-border-styling  avia-builder-el-5  el_after_av_section  el_before_av_section  avia-bg-style-scroll container_wrap fullsize'  ><div class='container av-section-cont-open' ><div class='template-page content  av-content-full alpha units'><div class='post-entry post-entry-type-page post-entry-1247'><div class='entry-content-wrapper clearfix'>\n\n<style type=\"text\/css\" data-created_by=\"avia_inline_auto\" id=\"style-css-av-b2jdq-7db0ee7831ee711bb817264a733366f6\">\n.flex_column.av-b2jdq-7db0ee7831ee711bb817264a733366f6{\nborder-width:1px;\nborder-color:#7c2f7c;\nborder-style:solid;\nborder-radius:4px 4px 4px 4px;\npadding:50px 50px 50px 50px;\nbackground-color:#f8f8f8;\n}\n<\/style>\n<div  class='flex_column av-b2jdq-7db0ee7831ee711bb817264a733366f6 av_two_third  avia-builder-el-6  el_before_av_one_third  avia-builder-el-first  first flex_column_div  '     ><style type=\"text\/css\" data-created_by=\"avia_inline_auto\" id=\"style-css-av-jsx7ouo0-d435b93e1161d3c22610e16f0c0c38ca\">\n#top .av_textblock_section.av-jsx7ouo0-d435b93e1161d3c22610e16f0c0c38ca .avia_textblock{\nfont-size:12px;\ncolor:#000000;\n}\n<\/style>\n<section  class='av_textblock_section av-jsx7ouo0-d435b93e1161d3c22610e16f0c0c38ca '   itemscope=\"itemscope\" itemtype=\"https:\/\/schema.org\/CreativeWork\" ><div class='avia_textblock av_inherit_color'  itemprop=\"text\" ><blockquote>\n<h4><strong>Casaverde O\u00dc | Casaverde.ee | Alar Vinkel &#8211; juhatuse liige<\/strong><\/h4>\n<p>Oleme \u00fcle 10 aasta turul toimetav ehituskonsultatsioonialast teenust\u00a0osutav v\u00e4ikeettev\u00f5te. Uute klientide hankimisel oleme t\u00e4htsaimaks\u00a0pidanud h\u00e4sti teostatud t\u00f6\u00f6d, mis on viinud edasiste tellimusteni.\u00a0V\u00e4hemoluliseks oleme pidanud leitavust interneti kaudu, mist\u00f5ttu ei\u00a0olnud me oma kodulehte m\u00e4rkimisv\u00e4\u00e4rselt uuendanud peale selle loomist\u00a0 tegutsemisaja alguses.<br \/>\nKodulehe uuendamiseks pakkumisi oleme saanud erinevatelt firmadelt ka\u00a0eelmistel aastatel, kuid oleme need tagasi l\u00fckanud p\u00f5hjendusega, et\u00a0kliente on niigi piisavalt ja pole otsest p\u00f5hjust reklaamile rohkem\u00a0kulutada. Sellise seletusega on \u00fcldjuhul teenusepakkujad ka leppinud\u00a0ning asi on j\u00e4\u00e4nud sinnapaika.<\/p>\n<p>Osix Stuudio esindaja Rasmus Heil seevastu oli piisavalt j\u00e4rjekindel, et\u00a0veenda meid kodulehe uuendamise vajalikkuses r\u00f5hutades asjaolule, et\u00a0kaasaegne koduleht ei ole \u00fcksnes reklaamiv\u00e4ljund vaid ka iga endast\u00a0lugupidava ettev\u00f5tte prestiizi k\u00fcsimus. Sellest argumendist meile\u00a0piisas.<br \/>\nKodulehe tegemine oli Osix Stuudio poolt piisavalt kiire ja paindlik.\u00a0Kokkulepitud t\u00e4htaegadest peeti kinni ja meie erisoovidele tuldi kenasti\u00a0vastu.<br \/>\nKa peale kodulehe valmimist ei ole meid mistahes asjakohaste k\u00fcsimustega\u00a0\u00fcksi j\u00e4etud vaid on ikka ja j\u00e4lle vastu tuldud ja aidatud seal kus vaja. Uue kodulehe kohta oleme saanud nii positiivset tagasisidet meie<br \/>\npraegustelt klientidelt kui ka rohkelt p\u00f6\u00f6rdumisi uute klientide poolt.<\/p>\n<p>Oma kogumusele tuginedes julgen soovitada Osix Stuudiot ka teistele, kel<br \/>\nsarnast teenust vaja.<\/p>\n<\/blockquote>\n<\/div><\/section><\/div>\n<style type=\"text\/css\" data-created_by=\"avia_inline_auto\" id=\"style-css-av-b2jdq-4156e6e60a46c262eb2ef5ba54c9b969\">\n.flex_column.av-b2jdq-4156e6e60a46c262eb2ef5ba54c9b969{\nborder-width:1px;\nborder-color:#7c2f7c;\nborder-style:solid;\nborder-radius:4px 4px 4px 4px;\npadding:50px 50px 50px 50px;\nbackground-color:#f8f8f8;\n}\n<\/style>\n<div  class='flex_column av-b2jdq-4156e6e60a46c262eb2ef5ba54c9b969 av_one_third  avia-builder-el-8  el_after_av_two_third  el_before_av_one_full  flex_column_div  '     ><style type=\"text\/css\" data-created_by=\"avia_inline_auto\" id=\"style-css-av-jsx7ouo0-d435b93e1161d3c22610e16f0c0c38ca\">\n#top .av_textblock_section.av-jsx7ouo0-d435b93e1161d3c22610e16f0c0c38ca .avia_textblock{\nfont-size:12px;\ncolor:#000000;\n}\n<\/style>\n<section  class='av_textblock_section av-jsx7ouo0-d435b93e1161d3c22610e16f0c0c38ca '   itemscope=\"itemscope\" itemtype=\"https:\/\/schema.org\/CreativeWork\" ><div class='avia_textblock av_inherit_color'  itemprop=\"text\" ><blockquote>\n<h4><strong>Resta &#8211; Lattiat Eesti O\u00dc | Restalattiat.ee | Marje Riomar &#8211; juhataja<\/strong><\/h4>\n<p>Mulle meeldis p\u00fchendumus ja kiirus, millega Osix Stuudio juhataja Rasmus t\u00f6\u00f6d tegi. Samuti oskus sobitada v\u00e4rve ja muuta leht visuaalselt p\u00f5nevaks ning mugavaks.<br \/>\nMul on hea meel, et n\u00fc\u00fcdseks on mul partner, kes aitab kiiresti muutuvas IT -maailmas mind kursil hoida ja juhendada.<br \/>\nMa julgen Rasmusega t\u00f6\u00f6tamist kindlasti ka oma s\u00f5pradele ja teistele ettev\u00f5tjatele\u00a0soovitada.<br \/>\nSoovin Sulle p\u00f5nevaid projekte ja j\u00f5udu nende teostamisel!<\/p>\n<\/blockquote>\n<\/div><\/section><\/div>\n<style type=\"text\/css\" data-created_by=\"avia_inline_auto\" id=\"style-css-av-b2jdq-7db0ee7831ee711bb817264a733366f6\">\n.flex_column.av-b2jdq-7db0ee7831ee711bb817264a733366f6{\nborder-width:1px;\nborder-color:#7c2f7c;\nborder-style:solid;\nborder-radius:4px 4px 4px 4px;\npadding:50px 50px 50px 50px;\nbackground-color:#f8f8f8;\n}\n<\/style>\n<div  class='flex_column av-b2jdq-7db0ee7831ee711bb817264a733366f6 av_one_full  avia-builder-el-10  el_after_av_one_third  avia-builder-el-last  first flex_column_div  column-top-margin'     ><style type=\"text\/css\" data-created_by=\"avia_inline_auto\" id=\"style-css-av-jsx7ouo0-0fc402afb6d1bddd2eefad7484f41570\">\n#top .av_textblock_section.av-jsx7ouo0-0fc402afb6d1bddd2eefad7484f41570 .avia_textblock{\nfont-size:12px;\ncolor:#000000;\n}\n<\/style>\n<section  class='av_textblock_section av-jsx7ouo0-0fc402afb6d1bddd2eefad7484f41570 '   itemscope=\"itemscope\" itemtype=\"https:\/\/schema.org\/CreativeWork\" ><div class='avia_textblock av_inherit_color'  itemprop=\"text\" ><blockquote>\n<h4><strong>Remart Ehitus O\u00dc | Remart.ee | Reimo Tamm &#8211; juhataja<\/strong><\/h4>\n<div>Mulle koost\u00f6\u00f6 meeldis. Te tegite k\u00f5ikv\u00f5imalikud lahendused ja muudatused v\u00e4ga kiirelt.<\/div>\n<div>Esimesel kohtumisel olite veenvad ja professionaalse suhtumisega, muidugi ka hiljem ning see oligi see mis otsustas teie kasuks.<\/div>\n<div>Ainus, mis oleks v\u00f5inud teisiti olla, et esialgne eskiis oleks olnud juba arvutis, et teisel kohtumisel oleks saanud kohapeal arutada &#8211; see on puhtalt minu isiklik arvamus ja see mis mulle oleks paremini sobinud. Siiski saime kokkuleppele ning juba paar p\u00e4eva hiljem oli Rasmusel esialgne kodulehe eskiis ette n\u00e4idata.<\/div>\n<div>\u00dctlen eriti suure kiituse kannatlikkuse eest, sest meie poolt viibisid m\u00f5ned vastused pikalt.<\/div>\n<div>L\u00f5pptulemus sai hea ja meie hetkeseisusele vastav. M\u00f5ned m\u00f5tted on veel, aga need viime sisse siis kui kasvame ja selleks kasutame kindlasti edaspidigi Osix Stuudio abi.<\/div>\n<\/blockquote>\n<\/div><\/section><\/div>\n<\/p>\n<\/div><\/div><\/div><!-- close content main div --><\/div><\/div>\n<style type=\"text\/css\" data-created_by=\"avia_inline_auto\" id=\"style-css-av-i2ww9i-d0abda913d54c7f5e25c1d41f67a9554\">\n.avia-section.av-i2ww9i-d0abda913d54c7f5e25c1d41f67a9554{\nbackground-color:#7c2f7c;\nbackground-image:unset;\n}\n<\/style>\n<div id='av_section_3'  class='avia-section av-i2ww9i-d0abda913d54c7f5e25c1d41f67a9554 main_color avia-section-large avia-no-border-styling  avia-builder-el-12  el_after_av_section  avia-builder-el-last  avia-bg-style-scroll container_wrap fullsize'  ><div class='container av-section-cont-open' ><div class='template-page content  av-content-full alpha units'><div class='post-entry post-entry-type-page post-entry-1247'><div class='entry-content-wrapper clearfix'>\n<div  class='avia-button-wrap av-jsxapuco-67a7f6f0dfba919fa28394ea52c1b4bd-wrap avia-button-center  avia-builder-el-13  el_before_av_hr  avia-builder-el-first  nupp-analuus'><a href='https:\/\/veebiarendamine.ee\/vanaleht\/uus-koduleht-telli\/'  class='avia-button av-jsxapuco-67a7f6f0dfba919fa28394ea52c1b4bd av-link-btn avia-icon_select-yes-left-icon avia-size-x-large avia-position-center avia-color-black'   aria-label=\"K\u00fcsi kodulehe hinnapakkumist siit\"><span class='avia_button_icon avia_button_icon_left' aria-hidden='true' data-av_icon='\ue835' data-av_iconfont='entypo-fontello'><\/span><span class='avia_iconbox_title' >K\u00fcsi kodulehe hinnapakkumist siit<\/span><\/a><\/div>\n\n<style type=\"text\/css\" data-created_by=\"avia_inline_auto\" id=\"style-css-av-jsyv06aj-6a435c6d9d48e77896b54a4e92fb3165\">\n#top .hr.hr-invisible.av-jsyv06aj-6a435c6d9d48e77896b54a4e92fb3165{\nheight:25px;\n}\n<\/style>\n<div  class='hr av-jsyv06aj-6a435c6d9d48e77896b54a4e92fb3165 hr-invisible  avia-builder-el-14  el_after_av_button  el_before_av_button '><span class='hr-inner '><span class=\"hr-inner-style\"><\/span><\/span><\/div>\n<div  class='avia-button-wrap av-jsxapuco-8975ec9aa6d9502dec99cfa37aae0c75-wrap avia-button-center  avia-builder-el-15  el_after_av_hr  avia-builder-el-last  nupp-tag'><a href='https:\/\/veebiarendamine.ee\/vanaleht\/kontakt-meist\/'  class='avia-button av-jsxapuco-8975ec9aa6d9502dec99cfa37aae0c75 av-link-btn avia-icon_select-no avia-size-small avia-position-center avia-color-light'   aria-label=\"Kes me oleme ja mida me teeme?\"><span class='avia_iconbox_title' >Kes me oleme ja mida me teeme?<\/span><\/a><\/div>\n\n","protected":false},"excerpt":{"rendered":"","protected":false},"author":1,"featured_media":918,"parent":0,"menu_order":0,"comment_status":"closed","ping_status":"closed","template":"","meta":{"footnotes":""},"class_list":["post-1247","page","type-page","status-publish","has-post-thumbnail","hentry"],"yoast_head":"<!-- This site is optimized with the Yoast SEO plugin v25.6 - https:\/\/yoast.com\/wordpress\/plugins\/seo\/ -->\n<title>Kodulehe tegemine | Loe mida kliendid meist r\u00e4\u00e4givad!<\/title>\n<meta name=\"description\" content=\"Kodulehe tegemine. Kasutame Sinu uue kodulehe ehitamisel ja disainimisel t\u00e4nap\u00e4evaseid ning universaalseid internetiturunduse p\u00f5him\u00f5tteid selleks, et...\" \/>\n<meta name=\"robots\" content=\"index, follow, max-snippet:-1, max-image-preview:large, max-video-preview:-1\" \/>\n<link rel=\"canonical\" href=\"https:\/\/veebiarendamine.ee\/vanaleht\/klientide-tagasiside\/\" \/>\n<meta property=\"og:locale\" content=\"et_EE\" \/>\n<meta property=\"og:type\" content=\"article\" \/>\n<meta property=\"og:title\" content=\"Kodulehe tegemine | Loe mida kliendid meist r\u00e4\u00e4givad!\" \/>\n<meta property=\"og:description\" content=\"Kodulehe tegemine. Kasutame Sinu uue kodulehe ehitamisel ja disainimisel t\u00e4nap\u00e4evaseid ning universaalseid internetiturunduse p\u00f5him\u00f5tteid selleks, et...\" \/>\n<meta property=\"og:url\" content=\"https:\/\/veebiarendamine.ee\/vanaleht\/klientide-tagasiside\/\" \/>\n<meta property=\"og:site_name\" content=\"Kodulehe tegemine sinu ettev\u00f5tte kasvuks\" \/>\n<meta property=\"article:modified_time\" content=\"2021-04-23T12:49:06+00:00\" \/>\n<meta property=\"og:image\" content=\"https:\/\/veebiarendamine.ee\/vanaleht\/wp-content\/uploads\/2018\/03\/Osix-Stuudio-logod.png\" \/>\n\t<meta property=\"og:image:width\" content=\"800\" \/>\n\t<meta property=\"og:image:height\" content=\"480\" \/>\n\t<meta property=\"og:image:type\" content=\"image\/png\" \/>\n<meta name=\"twitter:card\" content=\"summary_large_image\" \/>\n<meta name=\"twitter:label1\" content=\"Est. reading time\" \/>\n\t<meta name=\"twitter:data1\" content=\"8 minutit\" \/>\n<script type=\"application\/ld+json\" class=\"yoast-schema-graph\">{\"@context\":\"https:\/\/schema.org\",\"@graph\":[{\"@type\":\"WebPage\",\"@id\":\"https:\/\/veebiarendamine.ee\/vanaleht\/klientide-tagasiside\/\",\"url\":\"https:\/\/veebiarendamine.ee\/vanaleht\/klientide-tagasiside\/\",\"name\":\"Kodulehe tegemine | Loe mida kliendid meist r\u00e4\u00e4givad!\",\"isPartOf\":{\"@id\":\"https:\/\/veebiarendamine.ee\/vanaleht\/#website\"},\"primaryImageOfPage\":{\"@id\":\"https:\/\/veebiarendamine.ee\/vanaleht\/klientide-tagasiside\/#primaryimage\"},\"image\":{\"@id\":\"https:\/\/veebiarendamine.ee\/vanaleht\/klientide-tagasiside\/#primaryimage\"},\"thumbnailUrl\":\"https:\/\/veebiarendamine.ee\/vanaleht\/wp-content\/uploads\/2018\/03\/Osix-Stuudio-logod.png\",\"datePublished\":\"2019-03-07T11:39:14+00:00\",\"dateModified\":\"2021-04-23T12:49:06+00:00\",\"description\":\"Kodulehe tegemine. Kasutame Sinu uue kodulehe ehitamisel ja disainimisel t\u00e4nap\u00e4evaseid ning universaalseid internetiturunduse p\u00f5him\u00f5tteid selleks, et...\",\"breadcrumb\":{\"@id\":\"https:\/\/veebiarendamine.ee\/vanaleht\/klientide-tagasiside\/#breadcrumb\"},\"inLanguage\":\"et\",\"potentialAction\":[{\"@type\":\"ReadAction\",\"target\":[\"https:\/\/veebiarendamine.ee\/vanaleht\/klientide-tagasiside\/\"]}]},{\"@type\":\"ImageObject\",\"inLanguage\":\"et\",\"@id\":\"https:\/\/veebiarendamine.ee\/vanaleht\/klientide-tagasiside\/#primaryimage\",\"url\":\"https:\/\/veebiarendamine.ee\/vanaleht\/wp-content\/uploads\/2018\/03\/Osix-Stuudio-logod.png\",\"contentUrl\":\"https:\/\/veebiarendamine.ee\/vanaleht\/wp-content\/uploads\/2018\/03\/Osix-Stuudio-logod.png\",\"width\":800,\"height\":480,\"caption\":\"Logode disainimine\"},{\"@type\":\"BreadcrumbList\",\"@id\":\"https:\/\/veebiarendamine.ee\/vanaleht\/klientide-tagasiside\/#breadcrumb\",\"itemListElement\":[{\"@type\":\"ListItem\",\"position\":1,\"name\":\"Home\",\"item\":\"https:\/\/veebiarendamine.ee\/vanaleht\/\"},{\"@type\":\"ListItem\",\"position\":2,\"name\":\"Klientide tagasiside\"}]},{\"@type\":\"WebSite\",\"@id\":\"https:\/\/veebiarendamine.ee\/vanaleht\/#website\",\"url\":\"https:\/\/veebiarendamine.ee\/vanaleht\/\",\"name\":\"Kodulehe tegemine sinu ettev\u00f5tte kasvuks\",\"description\":\"Loome praktilise, lihtsa ja kaasaegse kodulehe ideest teostuseni kuni 10 t\u00f6\u00f6p\u00e4evaga\",\"publisher\":{\"@id\":\"https:\/\/veebiarendamine.ee\/vanaleht\/#organization\"},\"potentialAction\":[{\"@type\":\"SearchAction\",\"target\":{\"@type\":\"EntryPoint\",\"urlTemplate\":\"https:\/\/veebiarendamine.ee\/vanaleht\/?s={search_term_string}\"},\"query-input\":{\"@type\":\"PropertyValueSpecification\",\"valueRequired\":true,\"valueName\":\"search_term_string\"}}],\"inLanguage\":\"et\"},{\"@type\":\"Organization\",\"@id\":\"https:\/\/veebiarendamine.ee\/vanaleht\/#organization\",\"name\":\"Osix Stuudio Kodulehe tegemine\",\"url\":\"https:\/\/veebiarendamine.ee\/vanaleht\/\",\"logo\":{\"@type\":\"ImageObject\",\"inLanguage\":\"et\",\"@id\":\"https:\/\/veebiarendamine.ee\/vanaleht\/#\/schema\/logo\/image\/\",\"url\":\"https:\/\/veebiarendamine.ee\/vanaleht\/wp-content\/uploads\/2018\/03\/e-mail-logo.png\",\"contentUrl\":\"https:\/\/veebiarendamine.ee\/vanaleht\/wp-content\/uploads\/2018\/03\/e-mail-logo.png\",\"width\":250,\"height\":100,\"caption\":\"Osix Stuudio Kodulehe tegemine\"},\"image\":{\"@id\":\"https:\/\/veebiarendamine.ee\/vanaleht\/#\/schema\/logo\/image\/\"}}]}<\/script>\n<!-- \/ Yoast SEO plugin. -->","yoast_head_json":{"title":"Kodulehe tegemine | Loe mida kliendid meist r\u00e4\u00e4givad!","description":"Kodulehe tegemine. Kasutame Sinu uue kodulehe ehitamisel ja disainimisel t\u00e4nap\u00e4evaseid ning universaalseid internetiturunduse p\u00f5him\u00f5tteid selleks, et...","robots":{"index":"index","follow":"follow","max-snippet":"max-snippet:-1","max-image-preview":"max-image-preview:large","max-video-preview":"max-video-preview:-1"},"canonical":"https:\/\/veebiarendamine.ee\/vanaleht\/klientide-tagasiside\/","og_locale":"et_EE","og_type":"article","og_title":"Kodulehe tegemine | Loe mida kliendid meist r\u00e4\u00e4givad!","og_description":"Kodulehe tegemine. Kasutame Sinu uue kodulehe ehitamisel ja disainimisel t\u00e4nap\u00e4evaseid ning universaalseid internetiturunduse p\u00f5him\u00f5tteid selleks, et...","og_url":"https:\/\/veebiarendamine.ee\/vanaleht\/klientide-tagasiside\/","og_site_name":"Kodulehe tegemine sinu ettev\u00f5tte kasvuks","article_modified_time":"2021-04-23T12:49:06+00:00","og_image":[{"width":800,"height":480,"url":"https:\/\/veebiarendamine.ee\/vanaleht\/wp-content\/uploads\/2018\/03\/Osix-Stuudio-logod.png","type":"image\/png"}],"twitter_card":"summary_large_image","twitter_misc":{"Est. reading time":"8 minutit"},"schema":{"@context":"https:\/\/schema.org","@graph":[{"@type":"WebPage","@id":"https:\/\/veebiarendamine.ee\/vanaleht\/klientide-tagasiside\/","url":"https:\/\/veebiarendamine.ee\/vanaleht\/klientide-tagasiside\/","name":"Kodulehe tegemine | Loe mida kliendid meist r\u00e4\u00e4givad!","isPartOf":{"@id":"https:\/\/veebiarendamine.ee\/vanaleht\/#website"},"primaryImageOfPage":{"@id":"https:\/\/veebiarendamine.ee\/vanaleht\/klientide-tagasiside\/#primaryimage"},"image":{"@id":"https:\/\/veebiarendamine.ee\/vanaleht\/klientide-tagasiside\/#primaryimage"},"thumbnailUrl":"https:\/\/veebiarendamine.ee\/vanaleht\/wp-content\/uploads\/2018\/03\/Osix-Stuudio-logod.png","datePublished":"2019-03-07T11:39:14+00:00","dateModified":"2021-04-23T12:49:06+00:00","description":"Kodulehe tegemine. Kasutame Sinu uue kodulehe ehitamisel ja disainimisel t\u00e4nap\u00e4evaseid ning universaalseid internetiturunduse p\u00f5him\u00f5tteid selleks, et...","breadcrumb":{"@id":"https:\/\/veebiarendamine.ee\/vanaleht\/klientide-tagasiside\/#breadcrumb"},"inLanguage":"et","potentialAction":[{"@type":"ReadAction","target":["https:\/\/veebiarendamine.ee\/vanaleht\/klientide-tagasiside\/"]}]},{"@type":"ImageObject","inLanguage":"et","@id":"https:\/\/veebiarendamine.ee\/vanaleht\/klientide-tagasiside\/#primaryimage","url":"https:\/\/veebiarendamine.ee\/vanaleht\/wp-content\/uploads\/2018\/03\/Osix-Stuudio-logod.png","contentUrl":"https:\/\/veebiarendamine.ee\/vanaleht\/wp-content\/uploads\/2018\/03\/Osix-Stuudio-logod.png","width":800,"height":480,"caption":"Logode disainimine"},{"@type":"BreadcrumbList","@id":"https:\/\/veebiarendamine.ee\/vanaleht\/klientide-tagasiside\/#breadcrumb","itemListElement":[{"@type":"ListItem","position":1,"name":"Home","item":"https:\/\/veebiarendamine.ee\/vanaleht\/"},{"@type":"ListItem","position":2,"name":"Klientide tagasiside"}]},{"@type":"WebSite","@id":"https:\/\/veebiarendamine.ee\/vanaleht\/#website","url":"https:\/\/veebiarendamine.ee\/vanaleht\/","name":"Kodulehe tegemine sinu ettev\u00f5tte kasvuks","description":"Loome praktilise, lihtsa ja kaasaegse kodulehe ideest teostuseni kuni 10 t\u00f6\u00f6p\u00e4evaga","publisher":{"@id":"https:\/\/veebiarendamine.ee\/vanaleht\/#organization"},"potentialAction":[{"@type":"SearchAction","target":{"@type":"EntryPoint","urlTemplate":"https:\/\/veebiarendamine.ee\/vanaleht\/?s={search_term_string}"},"query-input":{"@type":"PropertyValueSpecification","valueRequired":true,"valueName":"search_term_string"}}],"inLanguage":"et"},{"@type":"Organization","@id":"https:\/\/veebiarendamine.ee\/vanaleht\/#organization","name":"Osix Stuudio Kodulehe tegemine","url":"https:\/\/veebiarendamine.ee\/vanaleht\/","logo":{"@type":"ImageObject","inLanguage":"et","@id":"https:\/\/veebiarendamine.ee\/vanaleht\/#\/schema\/logo\/image\/","url":"https:\/\/veebiarendamine.ee\/vanaleht\/wp-content\/uploads\/2018\/03\/e-mail-logo.png","contentUrl":"https:\/\/veebiarendamine.ee\/vanaleht\/wp-content\/uploads\/2018\/03\/e-mail-logo.png","width":250,"height":100,"caption":"Osix Stuudio Kodulehe tegemine"},"image":{"@id":"https:\/\/veebiarendamine.ee\/vanaleht\/#\/schema\/logo\/image\/"}}]}},"_links":{"self":[{"href":"https:\/\/veebiarendamine.ee\/vanaleht\/wp-json\/wp\/v2\/pages\/1247"}],"collection":[{"href":"https:\/\/veebiarendamine.ee\/vanaleht\/wp-json\/wp\/v2\/pages"}],"about":[{"href":"https:\/\/veebiarendamine.ee\/vanaleht\/wp-json\/wp\/v2\/types\/page"}],"author":[{"embeddable":true,"href":"https:\/\/veebiarendamine.ee\/vanaleht\/wp-json\/wp\/v2\/users\/1"}],"replies":[{"embeddable":true,"href":"https:\/\/veebiarendamine.ee\/vanaleht\/wp-json\/wp\/v2\/comments?post=1247"}],"version-history":[{"count":5,"href":"https:\/\/veebiarendamine.ee\/vanaleht\/wp-json\/wp\/v2\/pages\/1247\/revisions"}],"predecessor-version":[{"id":1519,"href":"https:\/\/veebiarendamine.ee\/vanaleht\/wp-json\/wp\/v2\/pages\/1247\/revisions\/1519"}],"wp:featuredmedia":[{"embeddable":true,"href":"https:\/\/veebiarendamine.ee\/vanaleht\/wp-json\/wp\/v2\/media\/918"}],"wp:attachment":[{"href":"https:\/\/veebiarendamine.ee\/vanaleht\/wp-json\/wp\/v2\/media?parent=1247"}],"curies":[{"name":"wp","href":"https:\/\/api.w.org\/{rel}","templated":true}]}}